{"id":439,"date":"2017-06-16T23:18:56","date_gmt":"2017-06-16T23:18:56","guid":{"rendered":"https:\/\/nangina-new.klabusnik.de\/?page_id=439"},"modified":"2023-10-06T14:34:10","modified_gmt":"2023-10-06T14:34:10","slug":"auftritte","status":"publish","type":"page","link":"https:\/\/nangina.de\/index.php\/jugend\/auftritte\/","title":{"rendered":"Auftritte"},"content":{"rendered":"<div>Nangina ist an jedem Wochenende unterwegs. Hier sind wir demn\u00e4chst anzutreffen.<\/div>\n<p><!--more aber so richtig--><\/p>\n<div class=\"aligncenter\"><img decoding=\"async\" class=\"alignnone\" style=\"height: 170px;\" src=\"https:\/\/nangina.de\/wp-content\/uploads\/2017\/01\/HP_Messe-St-Josef_20170430_112751.jpg\" alt=\"\"><img decoding=\"async\" style=\"height: 170px;\" src=\"https:\/\/nangina.de\/wp-content\/uploads\/2016\/12\/IMG-20161204-WA0005-300x225.jpg\" alt=\"\" height=\"234\"><img decoding=\"async\" style=\"height: 170px;\" src=\"https:\/\/nangina.de\/wp-content\/uploads\/2017\/01\/smzkMaria-Immaculata-Nangina1-bnt-300x209.jpg\" alt=\"\"><\/div>\n<div>\n  <img decoding=\"async\" id=\"weekends-spinner\" src=\"https:\/\/nangina.de\/wp-content\/uploads\/2017\/10\/ajax-loader.gif\"><p><\/p>\n<div id=\"weekends\"><\/div>\n<\/div>\n\n\n<p>&nbsp;<\/p>\n<div><h5><a href=\"https:\/\/nangina.de\/wp-content\/uploads\/2020\/06\/Einwilligung_zur_Ver\u00f6ffentlichung_von_Fotos.pdf\" target=\"_blank\" rel=\"noopener noreferrer\"><img decoding=\"async\" src=\"https:\/\/nangina.de\/wp-content\/uploads\/2020\/06\/download.png\" width=\"16\">&nbsp;&nbsp;Einverst\u00e4ndniserkl\u00e4rung zur Ver\u00f6ffentlichung von Fotos<\/a><\/h5><\/div><p>&nbsp;<\/p>\n","protected":false},"excerpt":{"rendered":"<p>Nangina ist an jedem Wochenende unterwegs. Hier sind wir demn\u00e4chst anzutreffen.<\/p>\n","protected":false},"author":2,"featured_media":0,"parent":218,"menu_order":0,"comment_status":"closed","ping_status":"closed","template":"template-fullwidth.php","meta":{"footnotes":""},"class_list":["post-439","page","type-page","status-publish","hentry"],"_links":{"self":[{"href":"https:\/\/nangina.de\/index.php\/wp-json\/wp\/v2\/pages\/439","targetHints":{"allow":["GET"]}}],"collection":[{"href":"https:\/\/nangina.de\/index.php\/wp-json\/wp\/v2\/pages"}],"about":[{"href":"https:\/\/nangina.de\/index.php\/wp-json\/wp\/v2\/types\/page"}],"author":[{"embeddable":true,"href":"https:\/\/nangina.de\/index.php\/wp-json\/wp\/v2\/users\/2"}],"replies":[{"embeddable":true,"href":"https:\/\/nangina.de\/index.php\/wp-json\/wp\/v2\/comments?post=439"}],"version-history":[{"count":12,"href":"https:\/\/nangina.de\/index.php\/wp-json\/wp\/v2\/pages\/439\/revisions"}],"predecessor-version":[{"id":1792,"href":"https:\/\/nangina.de\/index.php\/wp-json\/wp\/v2\/pages\/439\/revisions\/1792"}],"up":[{"embeddable":true,"href":"https:\/\/nangina.de\/index.php\/wp-json\/wp\/v2\/pages\/218"}],"wp:attachment":[{"href":"https:\/\/nangina.de\/index.php\/wp-json\/wp\/v2\/media?parent=439"}],"curies":[{"name":"wp","href":"https:\/\/api.w.org\/{rel}","templated":true}]}}