{"id":420,"date":"2017-06-16T23:09:37","date_gmt":"2017-06-16T23:09:37","guid":{"rendered":"https:\/\/nangina-new.klabusnik.de\/?page_id=420"},"modified":"2023-10-06T14:38:26","modified_gmt":"2023-10-06T14:38:26","slug":"kinder-und-jugendliche-bis-15","status":"publish","type":"page","link":"https:\/\/nangina.de\/index.php\/mitmachen\/kinder-und-jugendliche-bis-15\/","title":{"rendered":"Kinder und Jugendliche bis 15"},"content":{"rendered":"<p>Du bist mindestens 9 Jahre alt und m\u00f6chtest<br>\nam Wochenende etwas erleben?<br>\nMenschen in Afrika helfen?<\/p>\n<p>Dann bist du bei Nangina genau richtig!<\/p>\n<p>Jedes Wochenende sind wir irgendwo zwischen Sylt und dem Bodensee unterwegs. In Kirchengemeinden stellen wir mit einem Sprechspiel den Verein vor und sammeln Spenden f\u00fcr Projekte in Afrika. Doch das ist nicht alles. Bei uns kannst du<\/p>\n<ul>\n<li>andere Kinder und Jugendliche kennenlernen<\/li>\n<li>Afrika kennenlernen<\/li>\n<li>an verschiedenen Orten in Deutschland \u00fcbernachten<\/li>\n<li>Ausfl\u00fcge wie Schwimmen, Eislaufen oder Fahrradtouren unternehmen<\/li>\n<li>Sommerfahrten ans Meer, an Seen oder in sch\u00f6ne St\u00e4dte (z.B. Berlin, Dresden, Cuxhaven, Wien) unternehmen<\/li>\n<li>an lustigen Feiern teilnehmen<\/li>\n<li>spielen, Quatsch machen und einfach Spa\u00df haben.<\/li>\n<\/ul>\n<p><strong>Informationen f\u00fcr Eltern<\/strong><\/p>\n<p>Der Nangina e.V. verbindet sinnvolle Jugendarbeit mit Projektarbeit in Afrika. Ihr Kind lernt bei uns spielerisch, vor fremdem Publikum sicher aufzutreten, Verantwortung zu \u00fcbernehmen und den eigenen Horizont zu erweitern.<\/p>\n<p>Die Wochenenden und Ausfl\u00fcge, an denen Ihr Kind teilnimmt, sind frei w\u00e4hlbar und ohne jeden Zwang. Eine fr\u00fchzeitige Anmeldung auf nangina.klabusnik.de ist jedoch empfehlenswert.<\/p>\n<p>Zum Kennenlernen ist es jederzeit m\u00f6glich, dass Ihr Kind auf ein Wochenende mitf\u00e4hrt und ausprobiert, ob es ihm gef\u00e4llt. Die Mitgliedschaft ist kostenlos und ohne jede Bedingung. Anmelden k\u00f6nnen Sie sich oder Ihr Kind \u00fcber dieses Mitglied-werden-Formular (<a href=\"_wp_link_placeholder\" data-wplink-edit=\"true\">\u2192Link<\/a>) oder schreiben Sie einfach eine Mail an <a href=\"mailto:info@nangina.de\">info@nangina.de<\/a>.<\/p>\n\n\n<p>&nbsp;<\/p>\n<div><h5><a href=\"https:\/\/nangina.de\/wp-content\/uploads\/2020\/06\/Einwilligung_zur_Ver\u00f6ffentlichung_von_Fotos.pdf\" target=\"_blank\" rel=\"noopener noreferrer\"><img decoding=\"async\" src=\"https:\/\/nangina.de\/wp-content\/uploads\/2020\/06\/download.png\" width=\"16\">&nbsp;&nbsp;Einverst\u00e4ndniserkl\u00e4rung zur Ver\u00f6ffentlichung von Fotos<\/a><\/h5><\/div><p>&nbsp;<\/p>\n","protected":false},"excerpt":{"rendered":"<p>Du bist mindestens 9 Jahre alt und m\u00f6chtest am Wochenende etwas erleben? Menschen in Afrika helfen? Dann bist du bei Nangina genau richtig! Jedes Wochenende sind wir irgendwo zwischen Sylt &#8230;<\/p>\n","protected":false},"author":2,"featured_media":0,"parent":324,"menu_order":1,"comment_status":"closed","ping_status":"closed","template":"","meta":{"footnotes":""},"class_list":["post-420","page","type-page","status-publish","hentry"],"_links":{"self":[{"href":"https:\/\/nangina.de\/index.php\/wp-json\/wp\/v2\/pages\/420","targetHints":{"allow":["GET"]}}],"collection":[{"href":"https:\/\/nangina.de\/index.php\/wp-json\/wp\/v2\/pages"}],"about":[{"href":"https:\/\/nangina.de\/index.php\/wp-json\/wp\/v2\/types\/page"}],"author":[{"embeddable":true,"href":"https:\/\/nangina.de\/index.php\/wp-json\/wp\/v2\/users\/2"}],"replies":[{"embeddable":true,"href":"https:\/\/nangina.de\/index.php\/wp-json\/wp\/v2\/comments?post=420"}],"version-history":[{"count":8,"href":"https:\/\/nangina.de\/index.php\/wp-json\/wp\/v2\/pages\/420\/revisions"}],"predecessor-version":[{"id":1795,"href":"https:\/\/nangina.de\/index.php\/wp-json\/wp\/v2\/pages\/420\/revisions\/1795"}],"up":[{"embeddable":true,"href":"https:\/\/nangina.de\/index.php\/wp-json\/wp\/v2\/pages\/324"}],"wp:attachment":[{"href":"https:\/\/nangina.de\/index.php\/wp-json\/wp\/v2\/media?parent=420"}],"curies":[{"name":"wp","href":"https:\/\/api.w.org\/{rel}","templated":true}]}}