{"id":324,"date":"2017-06-10T13:15:52","date_gmt":"2017-06-10T13:15:52","guid":{"rendered":"https:\/\/nangina-new.klabusnik.de\/?page_id=324"},"modified":"2023-10-06T14:37:39","modified_gmt":"2023-10-06T14:37:39","slug":"mitmachen","status":"publish","type":"page","link":"https:\/\/nangina.de\/index.php\/mitmachen\/","title":{"rendered":"Mitmachen"},"content":{"rendered":"\n<p>Bitte herunterladen und ausf\u00fcllen: <\/p>\n\n\n\n<p>&nbsp;<\/p>\n<div><h5><a href=\"https:\/\/nangina.de\/wp-content\/uploads\/2020\/06\/Einwilligung_zur_Ver\u00f6ffentlichung_von_Fotos.pdf\" target=\"_blank\" rel=\"noopener noreferrer\"><img decoding=\"async\" src=\"https:\/\/nangina.de\/wp-content\/uploads\/2020\/06\/download.png\" width=\"16\">&nbsp;&nbsp;Einverst\u00e4ndniserkl\u00e4rung zur Ver\u00f6ffentlichung von Fotos<\/a><\/h5><\/div><p>&nbsp;<\/p>\n\n\n\n<figure class=\"wp-block-embed is-type-wp-embed is-provider-nangina-e-v wp-block-embed-nangina-e-v\"><div class=\"wp-block-embed__wrapper\">\n<blockquote class=\"wp-embedded-content\" data-secret=\"ATuva0wbcO\"><a href=\"https:\/\/nangina.de\/index.php\/mitmachen\/kinder-und-jugendliche-bis-15\/\">Kinder und Jugendliche bis 15<\/a><\/blockquote><iframe loading=\"lazy\" class=\"wp-embedded-content\" sandbox=\"allow-scripts\" security=\"restricted\" style=\"position: absolute; clip: rect(1px, 1px, 1px, 1px);\" title=\"&#8222;Kinder und Jugendliche bis 15&#8220; &#8212; Nangina e.V.\" src=\"https:\/\/nangina.de\/index.php\/mitmachen\/kinder-und-jugendliche-bis-15\/embed\/#?secret=OV7EbYCM6H#?secret=ATuva0wbcO\" data-secret=\"ATuva0wbcO\" width=\"600\" height=\"338\" frameborder=\"0\" marginwidth=\"0\" marginheight=\"0\" scrolling=\"no\"><\/iframe>\n<\/div><\/figure>\n\n\n\n<figure class=\"wp-block-embed is-type-wp-embed is-provider-nangina-e-v wp-block-embed-nangina-e-v\"><div class=\"wp-block-embed__wrapper\">\n<blockquote class=\"wp-embedded-content\" data-secret=\"rEDaFfphI9\"><a href=\"https:\/\/nangina.de\/index.php\/mitmachen\/jugendliche-ab-16-und-erwachsene\/\">Jugendliche ab 16 und Erwachsene<\/a><\/blockquote><iframe loading=\"lazy\" class=\"wp-embedded-content\" sandbox=\"allow-scripts\" security=\"restricted\" style=\"position: absolute; clip: rect(1px, 1px, 1px, 1px);\" title=\"&#8222;Jugendliche ab 16 und Erwachsene&#8220; &#8212; Nangina e.V.\" src=\"https:\/\/nangina.de\/index.php\/mitmachen\/jugendliche-ab-16-und-erwachsene\/embed\/#?secret=OueUYqpmzS#?secret=rEDaFfphI9\" data-secret=\"rEDaFfphI9\" width=\"600\" height=\"338\" frameborder=\"0\" marginwidth=\"0\" marginheight=\"0\" scrolling=\"no\"><\/iframe>\n<\/div><\/figure>\n\n\n\n<figure class=\"wp-block-embed is-type-wp-embed is-provider-nangina-e-v wp-block-embed-nangina-e-v\"><div class=\"wp-block-embed__wrapper\">\n<blockquote class=\"wp-embedded-content\" data-secret=\"NuBLS9VedZ\"><a href=\"https:\/\/nangina.de\/index.php\/mitmachen\/andere-talente-und-ideen\/\">Andere Talente und Ideen<\/a><\/blockquote><iframe loading=\"lazy\" class=\"wp-embedded-content\" sandbox=\"allow-scripts\" security=\"restricted\" style=\"position: absolute; clip: rect(1px, 1px, 1px, 1px);\" title=\"&#8222;Andere Talente und Ideen&#8220; &#8212; Nangina e.V.\" src=\"https:\/\/nangina.de\/index.php\/mitmachen\/andere-talente-und-ideen\/embed\/#?secret=ahHVG2kWTr#?secret=NuBLS9VedZ\" data-secret=\"NuBLS9VedZ\" width=\"600\" height=\"338\" frameborder=\"0\" marginwidth=\"0\" marginheight=\"0\" scrolling=\"no\"><\/iframe>\n<\/div><\/figure>\n","protected":false},"excerpt":{"rendered":"<p>Bitte herunterladen und ausf\u00fcllen: &nbsp; &nbsp;&nbsp;Einverst\u00e4ndniserkl\u00e4rung zur Ver\u00f6ffentlichung von Fotos &nbsp;<\/p>\n","protected":false},"author":1,"featured_media":242,"parent":0,"menu_order":0,"comment_status":"closed","ping_status":"closed","template":"","meta":{"footnotes":""},"class_list":["post-324","page","type-page","status-publish","has-post-thumbnail","hentry"],"_links":{"self":[{"href":"https:\/\/nangina.de\/index.php\/wp-json\/wp\/v2\/pages\/324","targetHints":{"allow":["GET"]}}],"collection":[{"href":"https:\/\/nangina.de\/index.php\/wp-json\/wp\/v2\/pages"}],"about":[{"href":"https:\/\/nangina.de\/index.php\/wp-json\/wp\/v2\/types\/page"}],"author":[{"embeddable":true,"href":"https:\/\/nangina.de\/index.php\/wp-json\/wp\/v2\/users\/1"}],"replies":[{"embeddable":true,"href":"https:\/\/nangina.de\/index.php\/wp-json\/wp\/v2\/comments?post=324"}],"version-history":[{"count":9,"href":"https:\/\/nangina.de\/index.php\/wp-json\/wp\/v2\/pages\/324\/revisions"}],"predecessor-version":[{"id":1793,"href":"https:\/\/nangina.de\/index.php\/wp-json\/wp\/v2\/pages\/324\/revisions\/1793"}],"wp:featuredmedia":[{"embeddable":true,"href":"https:\/\/nangina.de\/index.php\/wp-json\/wp\/v2\/media\/242"}],"wp:attachment":[{"href":"https:\/\/nangina.de\/index.php\/wp-json\/wp\/v2\/media?parent=324"}],"curies":[{"name":"wp","href":"https:\/\/api.w.org\/{rel}","templated":true}]}}