{"id":276,"date":"2017-06-10T11:15:43","date_gmt":"2017-06-10T11:15:43","guid":{"rendered":"https:\/\/nangina-new.klabusnik.de\/?page_id=276"},"modified":"2022-02-11T17:31:14","modified_gmt":"2022-02-11T17:31:14","slug":"spenden","status":"publish","type":"page","link":"https:\/\/nangina.de\/index.php\/spenden\/","title":{"rendered":"Spenden"},"content":{"rendered":"<h3><strong>\u00dcberweisung<\/strong><\/h3>\n<p>Wenn Sie eine Spende per \u00dcberweisung t\u00e4tigen m\u00f6chten, spenden Sie bitte auf das folgende Konto:<\/p>\n<p>Nangina e.V. <br \/>IBAN: DE51 4525 0035 0000 4530 01<br \/>BIC: WELADED1WTN<br \/>Sparkasse Witten<\/p>\n<p>Falls Sie eine Spendenquittung ben\u00f6tigen, geben Sie bitte Ihre Adresse im Verwendungszweck an.<\/p>\n<p>Vielen Dank!<\/p>\n<p>\u00a0<\/p>\n<h3><strong>Online-Direktspende f\u00fcr unser Projekt &#8222;Arca&#8220; in Honduras<\/strong><\/h3>\n\n\n<p><p>Die <em>Arca de Esperanza<\/em> ist eines unserer unterst\u00fctzten Projekte. Wir haben auf der Spendenplattform &#8222;betterplace&#8220; eine Projektseite f\u00fcr diese tolle Einrichtung in Honduras (Mittelamerika) angelegt, um online daf\u00fcr Spenden sammeln zu k\u00f6nnen. Bitte nutzen Sie daf\u00fcr das unten angezeigte Formular<span style=\"font-size: inherit;\">. <\/span><\/p><p>(bitte beachten Sie, dass die Spendenquittung dieser Spende <em>nicht<\/em> vom Nangina e.V., sondern von <em>betterplace<\/em> ausgestellt wird. Das Geld kommt aber &#8211; abz\u00fcglich einer kleinen Transaktionsgeb\u00fchr &#8211; bei uns an und wird zweckgebunden f\u00fcr die Arca verwendet)<\/p><\/p>\n\n\n\n<script type=\"text\/javascript\">   \/* Configure at https:\/\/www.betterplace.org\/de\/projects\/93337-behinderte-menschen-in-honduras-brauchen-eure-hilfe\/manage\/iframe_donation_form\/new *\/   var _bp_iframe        = _bp_iframe || {};   _bp_iframe.project_id = 93337; \/* REQUIRED *\/   _bp_iframe.lang       = 'de'; \/* Language of the form *\/   _bp_iframe.width = 600; \/* Custom iframe-tag-width, integer *\/   _bp_iframe.color = 'fd7222'; \/* Button and banderole color, hex without \"#\" *\/   _bp_iframe.background_color = 'ffffff'; \/* Background-color, hex without \"#\" *\/   _bp_iframe.default_amount = 50; \/* Donation-amount, integer 1-99 *\/   _bp_iframe.recurring_interval = 'single'; \/* Interval for recurring donations, string out of single, monthly und yearly *\/   _bp_iframe.bottom_logo = true;   (function() {     var bp = document.createElement('script'); bp.type = 'text\/javascript'; bp.async = true;     bp.src = 'https:\/\/betterplace-assets.betterplace.org\/assets\/load_donation_iframe.js';     var s = document.getElementsByTagName('script')[0]; s.parentNode.insertBefore(bp, s);   })(); <\/script> <\/p>\n<p class=\"has-large-font-size\"><div id=\"betterplace_donation_iframe\" style=\"background-image: none; background-position: initial initial; background-repeat: initial initial;\"><iframe loading=\"lazy\" height=\"1200\" width=\"100%\" frameborder=\"0\" src=\"https:\/\/www.betterplace.org\/de\/donate\/iframe\/projects\/93337?background_color=ffffff&amp;color=fd7222&amp;donation_amount=50&amp;bottom_logo=true&amp;default_payment_method=&amp;default_interval=single&amp;utm_campaign=external_donation_forms&amp;utm_source=domain:%20nangina.de&amp;utm_medium=project_93337&amp;utm_content=nangina.de\" id=\"iFrameResizer0\" scrolling=\"no\" style=\"max-width: 600px; max-height: none; width: 100%; background-color: transparent; overflow: hidden;\"><\/div><\/p>\n","protected":false},"excerpt":{"rendered":"<p>\u00dcberweisung Wenn Sie eine Spende per \u00dcberweisung t\u00e4tigen m\u00f6chten, spenden Sie bitte auf das folgende Konto: Nangina e.V. IBAN: DE51 4525 0035 0000 4530 01BIC: WELADED1WTNSparkasse Witten Falls Sie eine &#8230;<\/p>\n","protected":false},"author":1,"featured_media":0,"parent":0,"menu_order":0,"comment_status":"closed","ping_status":"closed","template":"","meta":{"footnotes":""},"class_list":["post-276","page","type-page","status-publish","hentry"],"_links":{"self":[{"href":"https:\/\/nangina.de\/index.php\/wp-json\/wp\/v2\/pages\/276","targetHints":{"allow":["GET"]}}],"collection":[{"href":"https:\/\/nangina.de\/index.php\/wp-json\/wp\/v2\/pages"}],"about":[{"href":"https:\/\/nangina.de\/index.php\/wp-json\/wp\/v2\/types\/page"}],"author":[{"embeddable":true,"href":"https:\/\/nangina.de\/index.php\/wp-json\/wp\/v2\/users\/1"}],"replies":[{"embeddable":true,"href":"https:\/\/nangina.de\/index.php\/wp-json\/wp\/v2\/comments?post=276"}],"version-history":[{"count":10,"href":"https:\/\/nangina.de\/index.php\/wp-json\/wp\/v2\/pages\/276\/revisions"}],"predecessor-version":[{"id":1466,"href":"https:\/\/nangina.de\/index.php\/wp-json\/wp\/v2\/pages\/276\/revisions\/1466"}],"wp:attachment":[{"href":"https:\/\/nangina.de\/index.php\/wp-json\/wp\/v2\/media?parent=276"}],"curies":[{"name":"wp","href":"https:\/\/api.w.org\/{rel}","templated":true}]}}