{"id":218,"date":"2017-01-05T12:27:26","date_gmt":"2017-01-05T12:27:26","guid":{"rendered":"https:\/\/nangina-new.klabusnik.de\/?page_id=218"},"modified":"2025-02-01T20:22:44","modified_gmt":"2025-02-01T20:22:44","slug":"jugend","status":"publish","type":"page","link":"https:\/\/nangina.de\/index.php\/jugend\/","title":{"rendered":"Jugend"},"content":{"rendered":"\n<div class=\"wp-block-columns is-layout-flex wp-container-core-columns-is-layout-9d6595d7 wp-block-columns-is-layout-flex\">\n<div class=\"wp-block-column is-layout-flow wp-block-column-is-layout-flow\">\n<h4 class=\"wp-block-heading\"><a href=\"https:\/\/nangina.de\/index.php\/jugend\/auftritte\/\" target=\"_blank\" rel=\"noreferrer noopener\">Auftritte<\/a><\/h4>\n<\/div>\n\n\n\n<div class=\"wp-block-column is-vertically-aligned-top is-layout-flow wp-block-column-is-layout-flow\">\n<h4 class=\"wp-block-heading has-text-align-left\"><a href=\"https:\/\/nangina.de\/wp-content\/uploads\/2025\/02\/Jugendschutzkonzept.pdf\" data-type=\"link\" data-id=\"https:\/\/nangina.de\/wp-content\/uploads\/2025\/02\/Jugendschutzkonzept.pdf\">Jugendschutzkonzept<\/a><\/h4>\n<\/div>\n\n\n\n<div class=\"wp-block-column is-layout-flow wp-block-column-is-layout-flow\">\n<h4 class=\"wp-block-heading\"><a href=\"https:\/\/nangina.de\/index.php\/mitmachen\/\" target=\"_blank\" rel=\"noreferrer noopener\">Mitmachen<\/a><\/h4>\n<\/div>\n\n\n\n<div class=\"wp-block-column is-layout-flow wp-block-column-is-layout-flow\">\n<h4 class=\"wp-block-heading\"><a href=\"https:\/\/nangina.de\/index.php\/jugend\/jugendvorstand\/\" target=\"_blank\" rel=\"noreferrer noopener\">Jugendvorstand<\/a><\/h4>\n<\/div>\n<\/div>\n\n\n\n<figure class=\"wp-block-embed is-type-wp-embed is-provider-nangina-e-v wp-block-embed-nangina-e-v\"><div class=\"wp-block-embed__wrapper\">\n<blockquote class=\"wp-embedded-content\" data-secret=\"XoEyZOz9Ph\"><a href=\"https:\/\/nangina.de\/index.php\/2020\/08\/17\/endlich-wieder-ein-nangina-wochenende\/\">Endlich wieder ein Nangina-Wochenende!<\/a><\/blockquote><iframe loading=\"lazy\" class=\"wp-embedded-content\" sandbox=\"allow-scripts\" security=\"restricted\" style=\"position: absolute; visibility: hidden;\" title=\"&#8222;Endlich wieder ein Nangina-Wochenende!&#8220; &#8212; Nangina e.V.\" src=\"https:\/\/nangina.de\/index.php\/2020\/08\/17\/endlich-wieder-ein-nangina-wochenende\/embed\/#?secret=UCOSpguxxw#?secret=XoEyZOz9Ph\" data-secret=\"XoEyZOz9Ph\" width=\"600\" height=\"338\" frameborder=\"0\" marginwidth=\"0\" marginheight=\"0\" scrolling=\"no\"><\/iframe>\n<\/div><\/figure>\n\n\n\n<figure class=\"wp-block-embed is-type-wp-embed is-provider-nangina-e-v wp-block-embed-nangina-e-v\"><div class=\"wp-block-embed__wrapper\">\n<blockquote class=\"wp-embedded-content\" data-secret=\"LXJ6Q9YNS2\"><a href=\"https:\/\/nangina.de\/index.php\/2020\/08\/17\/kanutour-der-jugendlichen\/\">Kanutour der Jugendlichen<\/a><\/blockquote><iframe loading=\"lazy\" class=\"wp-embedded-content\" sandbox=\"allow-scripts\" security=\"restricted\" style=\"position: absolute; visibility: hidden;\" title=\"&#8222;Kanutour der Jugendlichen&#8220; &#8212; Nangina e.V.\" src=\"https:\/\/nangina.de\/index.php\/2020\/08\/17\/kanutour-der-jugendlichen\/embed\/#?secret=QeoiMJa6ud#?secret=LXJ6Q9YNS2\" data-secret=\"LXJ6Q9YNS2\" width=\"600\" height=\"338\" frameborder=\"0\" marginwidth=\"0\" marginheight=\"0\" scrolling=\"no\"><\/iframe>\n<\/div><\/figure>\n\n\n\n<figure class=\"wp-block-embed is-type-wp-embed is-provider-nangina-e-v wp-block-embed-nangina-e-v\"><div class=\"wp-block-embed__wrapper\">\n<blockquote class=\"wp-embedded-content\" data-secret=\"Bmy4o78MX7\"><a href=\"https:\/\/nangina.de\/index.php\/2019\/07\/22\/gruppe-nangina-am-strand-in-neuharlingersiel\/\">Gruppe Nangina am Strand in Neuharlingersiel<\/a><\/blockquote><iframe loading=\"lazy\" class=\"wp-embedded-content\" sandbox=\"allow-scripts\" security=\"restricted\" style=\"position: absolute; visibility: hidden;\" title=\"&#8222;Gruppe Nangina am Strand in Neuharlingersiel&#8220; &#8212; Nangina e.V.\" src=\"https:\/\/nangina.de\/index.php\/2019\/07\/22\/gruppe-nangina-am-strand-in-neuharlingersiel\/embed\/#?secret=gDTTbooC2p#?secret=Bmy4o78MX7\" data-secret=\"Bmy4o78MX7\" width=\"600\" height=\"338\" frameborder=\"0\" marginwidth=\"0\" marginheight=\"0\" scrolling=\"no\"><\/iframe>\n<\/div><\/figure>\n\n\n\n<figure class=\"wp-block-embed is-type-wp-embed is-provider-nangina-e-v wp-block-embed-nangina-e-v\"><div class=\"wp-block-embed__wrapper\">\n<blockquote class=\"wp-embedded-content\" data-secret=\"8OMy5NJRvt\"><a href=\"https:\/\/nangina.de\/index.php\/2019\/07\/14\/spenden-durch-urlaub\/\">Spenden sammeln im Urlaub<\/a><\/blockquote><iframe loading=\"lazy\" class=\"wp-embedded-content\" sandbox=\"allow-scripts\" security=\"restricted\" style=\"position: absolute; visibility: hidden;\" title=\"&#8222;Spenden sammeln im Urlaub&#8220; &#8212; Nangina e.V.\" src=\"https:\/\/nangina.de\/index.php\/2019\/07\/14\/spenden-durch-urlaub\/embed\/#?secret=pHkBr9vcdh#?secret=8OMy5NJRvt\" data-secret=\"8OMy5NJRvt\" width=\"600\" height=\"338\" frameborder=\"0\" marginwidth=\"0\" marginheight=\"0\" scrolling=\"no\"><\/iframe>\n<\/div><\/figure>\n\n\n\n<figure class=\"wp-block-embed is-type-wp-embed is-provider-nangina-e-v wp-block-embed-nangina-e-v\"><div class=\"wp-block-embed__wrapper\">\n<blockquote class=\"wp-embedded-content\" data-secret=\"7RXKZ8DfD3\"><a href=\"https:\/\/nangina.de\/index.php\/2020\/06\/05\/wir-bleiben-in-kontakt-trotz-corona\/\">Wir bleiben in Kontakt trotz Corona<\/a><\/blockquote><iframe loading=\"lazy\" class=\"wp-embedded-content\" sandbox=\"allow-scripts\" security=\"restricted\" style=\"position: absolute; visibility: hidden;\" title=\"&#8222;Wir bleiben in Kontakt trotz Corona&#8220; &#8212; Nangina e.V.\" src=\"https:\/\/nangina.de\/index.php\/2020\/06\/05\/wir-bleiben-in-kontakt-trotz-corona\/embed\/#?secret=zvhqauhwBo#?secret=7RXKZ8DfD3\" data-secret=\"7RXKZ8DfD3\" width=\"600\" height=\"338\" frameborder=\"0\" marginwidth=\"0\" marginheight=\"0\" scrolling=\"no\"><\/iframe>\n<\/div><\/figure>\n\n\n\n<figure class=\"wp-block-embed is-type-wp-embed is-provider-nangina-e-v wp-block-embed-nangina-e-v\"><div class=\"wp-block-embed__wrapper\">\n<blockquote class=\"wp-embedded-content\" data-secret=\"3RGKqQH79D\"><a href=\"https:\/\/nangina.de\/index.php\/jugend\/jugendreise-nach-afrika\/\">Jugendreise nach Afrika<\/a><\/blockquote><iframe loading=\"lazy\" class=\"wp-embedded-content\" sandbox=\"allow-scripts\" security=\"restricted\" style=\"position: absolute; visibility: hidden;\" title=\"&#8222;Jugendreise nach Afrika&#8220; &#8212; Nangina e.V.\" src=\"https:\/\/nangina.de\/index.php\/jugend\/jugendreise-nach-afrika\/embed\/#?secret=wWz8XhUT7t#?secret=3RGKqQH79D\" data-secret=\"3RGKqQH79D\" width=\"600\" height=\"338\" frameborder=\"0\" marginwidth=\"0\" marginheight=\"0\" scrolling=\"no\"><\/iframe>\n<\/div><\/figure>\n\n\n\n<p><\/p>\n\n\n\n<p>&nbsp;<\/p>\n<div><h5><a href=\"https:\/\/nangina.de\/wp-content\/uploads\/2020\/06\/Einwilligung_zur_Ver\u00f6ffentlichung_von_Fotos.pdf\" target=\"_blank\" rel=\"noopener noreferrer\"><img decoding=\"async\" src=\"https:\/\/nangina.de\/wp-content\/uploads\/2020\/06\/download.png\" width=\"16\">&nbsp;&nbsp;Einverst\u00e4ndniserkl\u00e4rung zur Ver\u00f6ffentlichung von Fotos<\/a><\/h5><\/div><p>&nbsp;<\/p>\n","protected":false},"excerpt":{"rendered":"<p>Auftritte Jugendschutzkonzept Mitmachen Jugendvorstand &nbsp; &nbsp;&nbsp;Einverst\u00e4ndniserkl\u00e4rung zur Ver\u00f6ffentlichung von Fotos &nbsp;<\/p>\n","protected":false},"author":2,"featured_media":0,"parent":0,"menu_order":0,"comment_status":"closed","ping_status":"closed","template":"","meta":{"footnotes":""},"class_list":["post-218","page","type-page","status-publish","hentry"],"_links":{"self":[{"href":"https:\/\/nangina.de\/index.php\/wp-json\/wp\/v2\/pages\/218","targetHints":{"allow":["GET"]}}],"collection":[{"href":"https:\/\/nangina.de\/index.php\/wp-json\/wp\/v2\/pages"}],"about":[{"href":"https:\/\/nangina.de\/index.php\/wp-json\/wp\/v2\/types\/page"}],"author":[{"embeddable":true,"href":"https:\/\/nangina.de\/index.php\/wp-json\/wp\/v2\/users\/2"}],"replies":[{"embeddable":true,"href":"https:\/\/nangina.de\/index.php\/wp-json\/wp\/v2\/comments?post=218"}],"version-history":[{"count":26,"href":"https:\/\/nangina.de\/index.php\/wp-json\/wp\/v2\/pages\/218\/revisions"}],"predecessor-version":[{"id":2032,"href":"https:\/\/nangina.de\/index.php\/wp-json\/wp\/v2\/pages\/218\/revisions\/2032"}],"wp:attachment":[{"href":"https:\/\/nangina.de\/index.php\/wp-json\/wp\/v2\/media?parent=218"}],"curies":[{"name":"wp","href":"https:\/\/api.w.org\/{rel}","templated":true}]}}