{"id":1394,"date":"2021-04-15T08:05:57","date_gmt":"2021-04-15T08:05:57","guid":{"rendered":"https:\/\/nangina.de\/?page_id=1394"},"modified":"2021-04-15T08:37:24","modified_gmt":"2021-04-15T08:37:24","slug":"st-martin-grundschule-in-nairobi-kenia","status":"publish","type":"page","link":"https:\/\/nangina.de\/index.php\/st-martin-grundschule-in-nairobi-kenia\/","title":{"rendered":"ST. MARTIN GRUNDSCHULE IN NAIROBI, KENIA"},"content":{"rendered":"\n<figure class=\"wp-block-image\"><img loading=\"lazy\" decoding=\"async\" width=\"1024\" height=\"768\" src=\"https:\/\/nangina.de\/wp-content\/uploads\/2017\/01\/IMG_20190714_125852-1024x768.jpg\" alt=\"\" class=\"wp-image-985\" srcset=\"https:\/\/nangina.de\/wp-content\/uploads\/2017\/01\/IMG_20190714_125852-1024x768.jpg 1024w, https:\/\/nangina.de\/wp-content\/uploads\/2017\/01\/IMG_20190714_125852-300x225.jpg 300w, https:\/\/nangina.de\/wp-content\/uploads\/2017\/01\/IMG_20190714_125852-768x576.jpg 768w\" sizes=\"auto, (max-width: 1024px) 100vw, 1024px\" \/><\/figure>\n\n\n\n<p>Da in den Slums von Nairobi zu wenige staatliche Grundschulen zur Verf\u00fcgung stehen und Privatschulen teuer sind, bleiben Kinder aus armen Familien auf der Strecke. Die Grundschule St. Martin (Klasse 1-8) f\u00e4ngt diese Kinder auf.<\/p>\n\n\n\n<p><strong>Ma\u00dfnahmen des Nangina e.V. in den vergangenen Jahren<\/strong><\/p>\n\n\n\n<p>2018: f\u00fcr Renovierungsarbeiten 35 000 \u20ac<\/p>\n\n\n\n<p>seit 2014: j\u00e4hrliche Unterst\u00fctzung der laufenden Kosten, vor allem f\u00fcr die Lehrergeh\u00e4lter mit 12 000 \u20ac<\/p>\n\n\n\n<p><strong>Besuche von Nanginesen oder Gegenbesuche von Projektpartnern<\/strong><\/p>\n\n\n\n<p>Juli 2019: Besuch von Katharina Stritzke, Vorstandsmitglied des Nangina e.V.<\/p>\n\n\n\n<p><a href=\"https:\/\/nangina.de\/wp-content\/uploads\/2017\/01\/St.-Martin-Entwicklungen.pdf\">St. Martin Entwicklungen<\/a><\/p>\n\n\n\n<p>August 2016: Besuch von Tobias Nickel und Katharina Stritzke<\/p>\n\n\n\n<p>September 2014: Besuch von Fr. Filipe in Deutschland<\/p>\n\n\n\n<p><strong>Aktuelle Entwicklungen<\/strong><\/p>\n\n\n\n<p>Die Renovierungen der Geb\u00e4ude sind fast abgeschlossen. Lediglich die Toiletten werden noch mit der Kanalisation verbunden und an das Wasser angeschlossen. Weiterhin soll das angrenzende und zur Kirche geh\u00f6rende Gel\u00e4nde eingez\u00e4unt werden, da sonst Mengen von M\u00fcll dort abgeladen werden. Auch steht hier noch ein altes und einsturzgef\u00e4hrdetes Schulgeb\u00e4ude, das abgerissen werden soll. Auf dem Gel\u00e4nde kann dann schlie\u00dflich ein angemessener Schulhof f\u00fcr die Kinder entstehen. (Fotos siehe Bericht Juli 2019: \u201e<a href=\"https:\/\/nangina.de\/wp-content\/uploads\/2017\/01\/St.-Martin-Entwicklungen.pdf\">St. Martin Entwicklungen<\/a>\u201e)<\/p>\n\n\n\n<p>Unsere Beit\u00e4ge f\u00fcr dieses Projekt:<\/p>\n\n\n<ul class=\"wp-block-latest-posts__list wp-block-latest-posts\"><li><a class=\"wp-block-latest-posts__post-title\" href=\"https:\/\/nangina.de\/index.php\/2024\/06\/07\/hochwasser-in-nairobi\/\">Hochwasser in Nairobi<\/a><\/li>\n<\/ul>","protected":false},"excerpt":{"rendered":"<p>Da in den Slums von Nairobi zu wenige staatliche Grundschulen zur Verf\u00fcgung stehen und Privatschulen teuer sind, bleiben Kinder aus armen Familien auf der Strecke. Die Grundschule St. Martin (Klasse &#8230;<\/p>\n","protected":false},"author":6,"featured_media":0,"parent":0,"menu_order":0,"comment_status":"closed","ping_status":"closed","template":"","meta":{"footnotes":""},"class_list":["post-1394","page","type-page","status-publish","hentry"],"_links":{"self":[{"href":"https:\/\/nangina.de\/index.php\/wp-json\/wp\/v2\/pages\/1394","targetHints":{"allow":["GET"]}}],"collection":[{"href":"https:\/\/nangina.de\/index.php\/wp-json\/wp\/v2\/pages"}],"about":[{"href":"https:\/\/nangina.de\/index.php\/wp-json\/wp\/v2\/types\/page"}],"author":[{"embeddable":true,"href":"https:\/\/nangina.de\/index.php\/wp-json\/wp\/v2\/users\/6"}],"replies":[{"embeddable":true,"href":"https:\/\/nangina.de\/index.php\/wp-json\/wp\/v2\/comments?post=1394"}],"version-history":[{"count":2,"href":"https:\/\/nangina.de\/index.php\/wp-json\/wp\/v2\/pages\/1394\/revisions"}],"predecessor-version":[{"id":1429,"href":"https:\/\/nangina.de\/index.php\/wp-json\/wp\/v2\/pages\/1394\/revisions\/1429"}],"wp:attachment":[{"href":"https:\/\/nangina.de\/index.php\/wp-json\/wp\/v2\/media?parent=1394"}],"curies":[{"name":"wp","href":"https:\/\/api.w.org\/{rel}","templated":true}]}}