{"id":1392,"date":"2021-04-15T08:04:42","date_gmt":"2021-04-15T08:04:42","guid":{"rendered":"https:\/\/nangina.de\/?page_id=1392"},"modified":"2021-04-15T08:37:44","modified_gmt":"2021-04-15T08:37:44","slug":"das-watoto-wetu-centre-eine-schule-fuer-waisenkinder-im-slum-kariobangi-in-nairobi-kenia","status":"publish","type":"page","link":"https:\/\/nangina.de\/index.php\/das-watoto-wetu-centre-eine-schule-fuer-waisenkinder-im-slum-kariobangi-in-nairobi-kenia\/","title":{"rendered":"DAS WATOTO-WETU-CENTRE \u2013 EINE SCHULE F\u00dcR WAISENKINDER IM SLUM KARIOBANGI IN NAIROBI, KENIA"},"content":{"rendered":"\n<p>Ver\u00f6ffentlicht am&nbsp;<a href=\"https:\/\/nangina-test.klabusnik.de\/index.php\/2017\/01\/05\/watoto-wetu-kariobangi\/\"><time datetime=\"2017-01-05T10:28:48+00:00\">Januar 5, 2017<\/time><\/a>&nbsp;von&nbsp;<a href=\"https:\/\/nangina-test.klabusnik.de\/index.php\/author\/katharina\/\">Katharina Stritzke<\/a><\/p>\n\n\n\n<figure class=\"wp-block-image\"><img loading=\"lazy\" decoding=\"async\" width=\"1024\" height=\"769\" src=\"https:\/\/nangina.de\/wp-content\/uploads\/2017\/01\/P1020260-1024x769.jpg\" alt=\"\" class=\"wp-image-1042\" srcset=\"https:\/\/nangina.de\/wp-content\/uploads\/2017\/01\/P1020260-1024x769.jpg 1024w, https:\/\/nangina.de\/wp-content\/uploads\/2017\/01\/P1020260-300x225.jpg 300w, https:\/\/nangina.de\/wp-content\/uploads\/2017\/01\/P1020260-768x577.jpg 768w\" sizes=\"auto, (max-width: 1024px) 100vw, 1024px\" \/><\/figure>\n\n\n\n<p>Das Watoto Wetu Centre wurde 2003 in Kariobangi, einem Slumgebiet Nairobis, gegr\u00fcndet als Zentrum f\u00fcr Kinder in Not. Die Schule geh\u00f6rt zur katholischen Kirchengemeinde, die von den Combonimissionaren geleitet wird, ist aber f\u00fcr alle Konfessionen und Religionen offen. Ausschlie\u00dflich Waisenkinder und Kinder aus \u00e4u\u00dferst schwierigen Familienverh\u00e4ltnissen sind die Adressaten dieses Projektes. Sie leben beispielsweise bei ihren Verwandten, von denen sie misshandelt und ausgenutzt werden. Viele von ihnen m\u00fcssen schon vor der Schule zum Markt und Arbeiten f\u00fcr den Haushalt erledigen. Andere Kinder leben zwar mit ihren Eltern zusammen, sind aber dennoch auf sich alleine gestellt. Die Eltern sind beispielsweise drogenabh\u00e4ngig oder prostituieren sich und sind teilweise sogar gewaltt\u00e4tig gegen\u00fcber ihren Kindern.<\/p>\n\n\n\n<p>Das Watoto Wetu Projekt umfasst eine Schule mit 250 Kindern der Klassen 1 bis 8, sowie Fr\u00fchst\u00fcck und Mittagessen f\u00fcr alle Sch\u00fclerinnen und Sch\u00fcler. In kleinen Lerngruppen werden die Kinder intensiv betreut und individuell unterrichtet. Die Lehrer nehmen dabei einen Teil der Elternrolle ein und versuchen, die Kinder so gut wie m\u00f6glich auf ihrem Weg ins Erwachsenwerden zu begleiten.<\/p>\n\n\n\n<figure class=\"wp-block-image\"><img loading=\"lazy\" decoding=\"async\" width=\"1024\" height=\"769\" src=\"https:\/\/nangina.de\/wp-content\/uploads\/2017\/01\/P1020275-1024x769.jpg\" alt=\"\" class=\"wp-image-1041\" srcset=\"https:\/\/nangina.de\/wp-content\/uploads\/2017\/01\/P1020275-1024x769.jpg 1024w, https:\/\/nangina.de\/wp-content\/uploads\/2017\/01\/P1020275-300x225.jpg 300w, https:\/\/nangina.de\/wp-content\/uploads\/2017\/01\/P1020275-768x577.jpg 768w\" sizes=\"auto, (max-width: 1024px) 100vw, 1024px\" \/><\/figure>\n\n\n\n<p>Da einige der Sch\u00fclerinnen und Sch\u00fcler dennoch von einem Tag auf den anderen nicht mehr zur Schule kommen, arbeitet auch eine Sozialarbeiterin an der Schule. Diese besucht die Familien und ber\u00e4t sie entsprechend ihrer aktuellen Lebenslage. H\u00e4ufig lassen sich so Wege finden, die den Kindern wieder die M\u00f6glichkeit er\u00f6ffnen, zur Schule zur\u00fcckzukehren. Andere ziehen aber auch um oder verschwinden spurlos. Deshalb halbiert sich die Klassengr\u00f6\u00dfe innerhalb der acht Schuljahre, so dass j\u00e4hrlich ca. 20 Sch\u00fclerinnen und Sch\u00fcler die Abschlusspr\u00fcfungen absolvieren.<\/p>\n\n\n\n<p>Auch nach der achten Klasse werden die Absolventen und Absolventinnen auf ihrem weiteren Lebensweg vom Watoto Wetu Projekt begleitet. F\u00fcr einige werden die Geb\u00fchren weiterf\u00fchrender Schulen bezahlt, andere k\u00f6nnen eine Ausbildung machen, mit der sie ein eigenes Gesch\u00e4ft er\u00f6ffnen. Auch hier kommt die Sozialarbeiterin regelm\u00e4\u00dfig zu Besuch, um sicherzustellen, dass die Jugendlichen weiterhin gut begleitet sind.<\/p>\n\n\n\n<p><strong>Ma\u00dfnahmen des Nangina e.V. in den vergangenen Jahren<\/strong><\/p>\n\n\n\n<p>Im Jahr 2014 spendete der Nangina e.V. 20 000 \u20ac f\u00fcr Renovierungsma\u00dfnahmen am Geb\u00e4ude sowie f\u00fcr die laufenden Kosten der Schule, da nur die allerwenigsten Familien die schon sehr geringen Schulgeb\u00fchren aufbringen k\u00f6nnen. Vorher wurde das \u201eFeeding Program\u201c unterst\u00fctzt. Nangina sorgte daf\u00fcr, dass die Sch\u00fclerinnen und Sch\u00fcler jeden Tag Fr\u00fchst\u00fcck und Mittagessen bekamen. Das World Food Program hat dies nun \u00fcbernommen.<\/p>\n\n\n\n<figure class=\"wp-block-image\"><img loading=\"lazy\" decoding=\"async\" width=\"1024\" height=\"769\" src=\"https:\/\/nangina.de\/wp-content\/uploads\/2019\/07\/P1370178-1024x769.jpg\" alt=\"\" class=\"wp-image-1038\" srcset=\"https:\/\/nangina.de\/wp-content\/uploads\/2019\/07\/P1370178-1024x769.jpg 1024w, https:\/\/nangina.de\/wp-content\/uploads\/2019\/07\/P1370178-300x225.jpg 300w, https:\/\/nangina.de\/wp-content\/uploads\/2019\/07\/P1370178-768x577.jpg 768w\" sizes=\"auto, (max-width: 1024px) 100vw, 1024px\" \/><\/figure>\n\n\n\n<p><strong>Besuche von Nanginesen oder Gegenbesuche von Projektpartnern<\/strong><\/p>\n\n\n\n<p>Juli 2019: Besuch von Katharina Stritzke, Vorstandsmitglied des Nangina e.V.<\/p>\n\n\n\n<p><a href=\"https:\/\/nangina.de\/index.php\/2019\/07\/20\/grosse-fortschritte-in-der-watoto-wetu-schule\/\">Zu einem Fotobericht geht es hier.<\/a><\/p>\n\n\n\n<p>August 2016: Tobias Nickel und Katharina Stritzke<\/p>\n\n\n\n<p><a href=\"https:\/\/nangina.de\/index.php\/2019\/07\/20\/letzter-schultag-mit-gemischten-gefuehlen\/\">Bericht: \u201eLetzter Schultag mit gemischten Gef\u00fchlen\u201c<\/a><\/p>\n\n\n\n<p>August 2014: Pater Filipe Resende besuchte den Nangina e.V. in Deutschland<br>M\u00e4rz 2014: Katharina Stritzke<br>Juli 2013: Katharina Stritzke im Rahmen ihres Jahres als Missionarin auf Zeit<br>Dezember 2012: Katharina Stritzke im Rahmen ihres Jahres als Missionarin auf Zeit<\/p>\n\n\n\n<p><strong>Aktuelle Entwicklungen<\/strong><\/p>\n\n\n\n<p>Die Administration der Schule wurde neu strukturiert und Fr. Maurizio Binaghi (Combonimissionar aus Italien) ist seit 2017 verantwortlich f\u00fcr das Management. Seitdem hat sich viel ver\u00e4ndert: Die Schule ist 2017 staatlich anerkannt worden, das Bildungsniveau hat sich deutlich gesteigert und die Zahl der Schulabbrecher hat sich verringert. Er erreichte dies, indem er ausschlie\u00dflich ausgebildete LehrerInnen eingestellt hat, sie angemessen bezahlt, aber auch kontrolliert, dass sie ihrer Arbeit nachkommen und qualitativ hochwertigen Unterricht anbieten. Auch spendete eine spanische Organisation Tablets, so dass den Sch\u00fclerinnen und Sch\u00fcler digitales Lernen erm\u00f6glicht wird. Fr. Maurizio legt auch gro\u00dfen Wert auf Elternarbeit. Die Waisenkinder leben meist bei Verwandten, die dann dreimal im Jahr in die Schule eingeladen werden. Das Einkommen durch Schulgeb\u00fchren hat sich dadurch erh\u00f6ht. Die Schule ist aber aufgrund der gro\u00dfen Summe der Lehrergeh\u00e4lter weiterhin auf Unterst\u00fctzung angewiesen.<\/p>\n\n\n\n<p>Weitere Planungen sind der Bau einer Essenshalle, da die Kinder immer noch auf dem Boden sitzend essen m\u00fcssen, und die Umz\u00e4unung des Gel\u00e4ndes f\u00fcr mehr Sicherheit der Kinder.<\/p>\n\n\n\n<p>Unsere Beit\u00e4ge f\u00fcr dieses Projekt:<\/p>\n\n\n<ul class=\"wp-block-latest-posts__list wp-block-latest-posts\"><li><a class=\"wp-block-latest-posts__post-title\" href=\"https:\/\/nangina.de\/index.php\/2025\/01\/05\/neujahrsgruesse-aus-kenia\/\">Neujahrsgr\u00fc\u00dfe aus Kenia<\/a><\/li>\n<li><a class=\"wp-block-latest-posts__post-title\" href=\"https:\/\/nangina.de\/index.php\/2019\/07\/20\/grosse-fortschritte-in-der-watoto-wetu-schule\/\">Gro\u00dfe Fortschritte in der Watoto Wetu Schule<\/a><\/li>\n<\/ul>","protected":false},"excerpt":{"rendered":"<p>Ver\u00f6ffentlicht am&nbsp;Januar 5, 2017&nbsp;von&nbsp;Katharina Stritzke Das Watoto Wetu Centre wurde 2003 in Kariobangi, einem Slumgebiet Nairobis, gegr\u00fcndet als Zentrum f\u00fcr Kinder in Not. Die Schule geh\u00f6rt zur katholischen Kirchengemeinde, die &#8230;<\/p>\n","protected":false},"author":6,"featured_media":0,"parent":0,"menu_order":0,"comment_status":"closed","ping_status":"closed","template":"","meta":{"footnotes":""},"class_list":["post-1392","page","type-page","status-publish","hentry"],"_links":{"self":[{"href":"https:\/\/nangina.de\/index.php\/wp-json\/wp\/v2\/pages\/1392","targetHints":{"allow":["GET"]}}],"collection":[{"href":"https:\/\/nangina.de\/index.php\/wp-json\/wp\/v2\/pages"}],"about":[{"href":"https:\/\/nangina.de\/index.php\/wp-json\/wp\/v2\/types\/page"}],"author":[{"embeddable":true,"href":"https:\/\/nangina.de\/index.php\/wp-json\/wp\/v2\/users\/6"}],"replies":[{"embeddable":true,"href":"https:\/\/nangina.de\/index.php\/wp-json\/wp\/v2\/comments?post=1392"}],"version-history":[{"count":2,"href":"https:\/\/nangina.de\/index.php\/wp-json\/wp\/v2\/pages\/1392\/revisions"}],"predecessor-version":[{"id":1430,"href":"https:\/\/nangina.de\/index.php\/wp-json\/wp\/v2\/pages\/1392\/revisions\/1430"}],"wp:attachment":[{"href":"https:\/\/nangina.de\/index.php\/wp-json\/wp\/v2\/media?parent=1392"}],"curies":[{"name":"wp","href":"https:\/\/api.w.org\/{rel}","templated":true}]}}