{"id":1390,"date":"2021-04-15T08:03:48","date_gmt":"2021-04-15T08:03:48","guid":{"rendered":"https:\/\/nangina.de\/?page_id=1390"},"modified":"2021-04-15T08:38:11","modified_gmt":"2021-04-15T08:38:11","slug":"schulgebuehren-fuer-benachteiligte-jugendliche-in-bungoma-kenia","status":"publish","type":"page","link":"https:\/\/nangina.de\/index.php\/schulgebuehren-fuer-benachteiligte-jugendliche-in-bungoma-kenia\/","title":{"rendered":"SCHULGEB\u00dcHREN F\u00dcR BENACHTEILIGTE JUGENDLICHE IN BUNGOMA, KENIA"},"content":{"rendered":"\n<figure class=\"wp-block-image\"><img loading=\"lazy\" decoding=\"async\" width=\"768\" height=\"1024\" src=\"https:\/\/nangina.de\/wp-content\/uploads\/2017\/01\/IMG-20190801-WA0000-768x1024.jpg\" alt=\"\" class=\"wp-image-1148\" srcset=\"https:\/\/nangina.de\/wp-content\/uploads\/2017\/01\/IMG-20190801-WA0000-768x1024.jpg 768w, https:\/\/nangina.de\/wp-content\/uploads\/2017\/01\/IMG-20190801-WA0000-225x300.jpg 225w, https:\/\/nangina.de\/wp-content\/uploads\/2017\/01\/IMG-20190801-WA0000.jpg 960w\" sizes=\"auto, (max-width: 768px) 100vw, 768px\" \/><\/figure>\n\n\n\n<p>In der Di\u00f6zese Bungoma werden Sch\u00fclerinnen und Sch\u00fcler aus sozial schwachen Verh\u00e4ltnissen in ihrer Bildung gef\u00f6rdert. Dabei wird f\u00fcr 16 Sch\u00fclerinnen und Sch\u00fcler die Sekundarschule (Klasse 9-12) sowie teilweise Studenten im College finanziert.<\/p>\n\n\n\n<p><a href=\"https:\/\/nangina.de\/index.php\/2019\/07\/31\/pamela-frueher-gesponsert-heute-lehrerin\/\">Pamela \u2013 als Sch\u00fclerin gesponsert, heute selbst Lehrerin<\/a><\/p>\n\n\n\n<p>Unsere Beitr\u00e4ge f\u00fcr dieses Projekt:<\/p>\n\n\n<ul class=\"wp-block-latest-posts__list wp-block-latest-posts\"><\/ul>","protected":false},"excerpt":{"rendered":"<p>In der Di\u00f6zese Bungoma werden Sch\u00fclerinnen und Sch\u00fcler aus sozial schwachen Verh\u00e4ltnissen in ihrer Bildung gef\u00f6rdert. Dabei wird f\u00fcr 16 Sch\u00fclerinnen und Sch\u00fcler die Sekundarschule (Klasse 9-12) sowie teilweise Studenten &#8230;<\/p>\n","protected":false},"author":6,"featured_media":0,"parent":0,"menu_order":0,"comment_status":"closed","ping_status":"closed","template":"","meta":{"footnotes":""},"class_list":["post-1390","page","type-page","status-publish","hentry"],"_links":{"self":[{"href":"https:\/\/nangina.de\/index.php\/wp-json\/wp\/v2\/pages\/1390","targetHints":{"allow":["GET"]}}],"collection":[{"href":"https:\/\/nangina.de\/index.php\/wp-json\/wp\/v2\/pages"}],"about":[{"href":"https:\/\/nangina.de\/index.php\/wp-json\/wp\/v2\/types\/page"}],"author":[{"embeddable":true,"href":"https:\/\/nangina.de\/index.php\/wp-json\/wp\/v2\/users\/6"}],"replies":[{"embeddable":true,"href":"https:\/\/nangina.de\/index.php\/wp-json\/wp\/v2\/comments?post=1390"}],"version-history":[{"count":2,"href":"https:\/\/nangina.de\/index.php\/wp-json\/wp\/v2\/pages\/1390\/revisions"}],"predecessor-version":[{"id":1431,"href":"https:\/\/nangina.de\/index.php\/wp-json\/wp\/v2\/pages\/1390\/revisions\/1431"}],"wp:attachment":[{"href":"https:\/\/nangina.de\/index.php\/wp-json\/wp\/v2\/media?parent=1390"}],"curies":[{"name":"wp","href":"https:\/\/api.w.org\/{rel}","templated":true}]}}