{"id":1386,"date":"2021-04-15T08:02:08","date_gmt":"2021-04-15T08:02:08","guid":{"rendered":"https:\/\/nangina.de\/?page_id=1386"},"modified":"2022-09-24T10:50:38","modified_gmt":"2022-09-24T10:50:38","slug":"maedcheninternat-in-kibuk-kenia","status":"publish","type":"page","link":"https:\/\/nangina.de\/index.php\/maedcheninternat-in-kibuk-kenia\/","title":{"rendered":"M\u00c4DCHENINTERNAT IN KIBUK, KENIA"},"content":{"rendered":"\n<p>Ver\u00f6ffentlicht am\u00a0<time datetime=\"2017-01-05T10:45:22+00:00\">Januar 5, 2017<\/time>\u00a0von\u00a0Katharina Stritzke<\/p>\n\n\n\n<figure class=\"wp-block-image\"><img loading=\"lazy\" decoding=\"async\" width=\"1024\" height=\"769\" src=\"https:\/\/nangina.de\/wp-content\/uploads\/2017\/01\/P1000792-1024x769.jpg\" alt=\"\" class=\"wp-image-863\" srcset=\"https:\/\/nangina.de\/wp-content\/uploads\/2017\/01\/P1000792-1024x769.jpg 1024w, https:\/\/nangina.de\/wp-content\/uploads\/2017\/01\/P1000792-300x225.jpg 300w, https:\/\/nangina.de\/wp-content\/uploads\/2017\/01\/P1000792-768x577.jpg 768w\" sizes=\"auto, (max-width: 1024px) 100vw, 1024px\" \/><\/figure>\n\n\n\n<p>Die M\u00e4dchenschule in Kibuk am Berg Elgon ist im Mai 2015 gestartet und umfasst die in Kenia \u00fcbliche Grundschulzeit von Klasse 1 bis 8.<br>Eine Besonderheit der Region am Berg Elgon ist, dass die meisten M\u00e4dchen mit ca. 8 -10 Jahren beschnitten werden, um dann direkt verheiratet zu werden. Einen Zugang zu Bildung haben sie daher kaum. Das soll mit der neuen Schule ge\u00e4ndert werden.<br>Die Schule wird von kenianischen Ordensschwestern geleitet, die aus dem gleichen Stamm kommen und somit ein umfassendes Verst\u00e4ndnis der Kultur mitbringen. Andererseits leben sie als Ordensschwestern aber eine sehr ungew\u00f6hnliche Lebensform und bringen damit eine Au\u00dfenperspektive ein, von der die Sch\u00fclerinnen profitieren.<video preload=\"metadata\" src=\"https:\/\/nangina.de\/wp-content\/uploads\/2017\/01\/P1030081.mp4?_=1\" width=\"800\" height=\"450\"><\/p>\n\n\n\n<p>Als katholische Privatschule ist die Schule von der Korruption, die an staatlichen Schulen vorherrscht, gesch\u00fctzt. Sie ist aber offen f\u00fcr Sch\u00fclerinnen aller Konfessionen und Religionen. Seit 2019 kann die Schule durch die Schulgeb\u00fchren der Eltern die laufenden Kosten selbst tragen. Durch die Aufkl\u00e4rungsprogramme, mit denen Eltern \u00fcberzeugt werden, mehr Wert auf die Bildung ihrer T\u00f6chter zu legen, k\u00f6nnen sie motiviert werden, die n\u00f6tigen Schulgeb\u00fchren zu bezahlen. Wenn in Zukunft die Sch\u00fclerzahlen weiter steigen und somit ein kleiner Gewinn gemacht werden kann, wird auch einigen bed\u00fcrftigen Sch\u00fclerinnen die M\u00f6glichkeit er\u00f6ffnet, ohne Geb\u00fchren am Unterricht teilzunehmen. F\u00fcr die Sch\u00fclerinnen, die etwas weiter entfernt wohnen, gibt es einen Internatsbereich.<\/p>\n\n\n\n<p><strong>Ma\u00dfnahmen des Nangina e.V. in den vergangenen Jahren<\/strong><\/p>\n\n\n\n<p>Im Jahr 2019 wurde der Bau des Kindergartens unterst\u00fctzt. Im Rahmen einer Co-Finanzierung mit zwei anderen Organisationen sorgte Nangina daf\u00fcr, dass derzeit ein Geb\u00e4ude mit drei Klassenr\u00e4umen errichtet werden kann. Der Bau ist derzeit im Gange.<\/p>\n\n\n\n<p>Der Nangina e.V. unterst\u00fctzt seit 2013 den Bau der M\u00e4dchenschule. Das Kindermissionswerk Aachen (Sternsinger) teilt sich zusammen mit dem Nangina e.V. die Kosten des Schulbaus. Mittlerweile wurden 8 Klassenr\u00e4ume, B\u00fcros und Lehrerzimmer sowie eine gro\u00dfe K\u00fcche mit Essenshalle errichtet. Letztere wurde im Jahr 2017 fertiggestellt. Auch ein kleinerer Essensraum mit K\u00fcche f\u00fcr den Bereich der Vorschule wurde eingerichtet.<\/p>\n\n\n\n<figure class=\"wp-block-image\"><img loading=\"lazy\" decoding=\"async\" width=\"1024\" height=\"683\" src=\"https:\/\/nangina.de\/wp-content\/uploads\/2017\/01\/IMG_2723-1024x683.jpg\" alt=\"\" class=\"wp-image-860\" srcset=\"https:\/\/nangina.de\/wp-content\/uploads\/2017\/01\/IMG_2723-1024x683.jpg 1024w, https:\/\/nangina.de\/wp-content\/uploads\/2017\/01\/IMG_2723-300x200.jpg 300w, https:\/\/nangina.de\/wp-content\/uploads\/2017\/01\/IMG_2723-768x512.jpg 768w\" sizes=\"auto, (max-width: 1024px) 100vw, 1024px\" \/><\/figure>\n\n\n\n<p><strong>Besuche von Nanginesen oder Gegenbesuche von Projektmitgliedern<\/strong><\/p>\n\n\n\n<p>Juli 2019: Besuch von Katharina Stritzke, Vorstandsmitglied<\/p>\n\n\n\n<p><a href=\"https:\/\/nangina.de\/index.php\/2019\/07\/23\/eindruecke-aus-kibuk-im-jahr-2019\/\">Eindr\u00fccke aus Kibuk und Umgebung im Jahr 2019<\/a><\/p>\n\n\n\n<p>Juli 2018: Besuch von 12 Nanginesen im Rahmen einer Jugendreise des Nangina e.V.<br><a href=\"https:\/\/nangina.de\/index.php\/2018\/07\/30\/dritter-tag\/\"><strong>Zum Bericht geht es hier.<\/strong><\/a><br>Juli 2016: Besuch von Katharina Stritzke und Tobias Nickel<br>Mai 2016: Besuch von Klaus und Catherine Flohr<br>August 2015: Besuch von 12 Nanginesen im Rahmen einer Jugendreise des Nangina e.V.<br>Oktober 2014: Frau Frels vom Kindermissionswerk Aachen<br>M\u00e4rz 2014: Besuch von Katharina Stritzke<br>August 2013: Besuch von Bischof Norman zum 25j\u00e4hrigen Jubil\u00e4um des Nangina e.V.<br>Juli 2013: Besuch von Katharina Stritzke im Rahmen ihres Jahres als Missionarin auf Zeit<br>Januar 2013: Besuch von Dr. Klaus und Catherine Flohr<br>Dezember 2012: Besuch von Nicole Hartmann, J\u00fcrgen und Katharina Stritzke<\/p>\n\n\n\n<p><strong>Aktuelle Entwicklungen<\/strong><br>Zur Zeit, im Schuljahr 2019 werden 141 Sch\u00fclerinnen in den Klassen 1-7 in der Kibuk-Schule unterrichtet. Alle Sch\u00fclerinnen ab Klasse 4 wohnen dabei im Internatsbereich, der ohne Schlafs\u00e4le noch provisorisch in der Sch\u00fclerb\u00fccherei eingerichtet ist. Ein Schulbus ist f\u00fcr die Kleinen notwendig, um auch den M\u00e4dchen aus entlegeneren D\u00f6rfern eine Schulausbildung zu erm\u00f6glichen. Weiterhin steht bald der Bau eines Schlafsaals an, damit alle Sch\u00fclerinnen einen angemessenen Schlafplatz bekommen k\u00f6nnen. Das Provisorium, die Sch\u00fclerb\u00fccherei platzt aus allen N\u00e4hten.<\/p>\n\n\n\n<p>Unsere Beit\u00e4ge f\u00fcr dieses Projekt:<\/p>\n\n\n<ul class=\"wp-block-latest-posts__list wp-block-latest-posts\"><li><a class=\"wp-block-latest-posts__post-title\" href=\"https:\/\/nangina.de\/index.php\/2022\/12\/09\/reisebericht-tag-7\/\">Reisebericht Tag 7<\/a><\/li>\n<li><a class=\"wp-block-latest-posts__post-title\" href=\"https:\/\/nangina.de\/index.php\/2019\/07\/31\/pamela-frueher-gesponsert-heute-lehrerin\/\">Pamela &#8211; als Sch\u00fclerin gesponsert, heute selbst Lehrerin<\/a><\/li>\n<li><a class=\"wp-block-latest-posts__post-title\" href=\"https:\/\/nangina.de\/index.php\/2019\/07\/23\/eindruecke-aus-kibuk-im-jahr-2019\/\">Eindr\u00fccke aus Kibuk im Jahr 2019<\/a><\/li>\n<\/ul>","protected":false},"excerpt":{"rendered":"<p>Ver\u00f6ffentlicht am\u00a0Januar 5, 2017\u00a0von\u00a0Katharina Stritzke Die M\u00e4dchenschule in Kibuk am Berg Elgon ist im Mai 2015 gestartet und umfasst die in Kenia \u00fcbliche Grundschulzeit von Klasse 1 bis 8.Eine Besonderheit &#8230;<\/p>\n","protected":false},"author":6,"featured_media":0,"parent":0,"menu_order":0,"comment_status":"closed","ping_status":"closed","template":"","meta":{"footnotes":""},"class_list":["post-1386","page","type-page","status-publish","hentry"],"_links":{"self":[{"href":"https:\/\/nangina.de\/index.php\/wp-json\/wp\/v2\/pages\/1386","targetHints":{"allow":["GET"]}}],"collection":[{"href":"https:\/\/nangina.de\/index.php\/wp-json\/wp\/v2\/pages"}],"about":[{"href":"https:\/\/nangina.de\/index.php\/wp-json\/wp\/v2\/types\/page"}],"author":[{"embeddable":true,"href":"https:\/\/nangina.de\/index.php\/wp-json\/wp\/v2\/users\/6"}],"replies":[{"embeddable":true,"href":"https:\/\/nangina.de\/index.php\/wp-json\/wp\/v2\/comments?post=1386"}],"version-history":[{"count":4,"href":"https:\/\/nangina.de\/index.php\/wp-json\/wp\/v2\/pages\/1386\/revisions"}],"predecessor-version":[{"id":1501,"href":"https:\/\/nangina.de\/index.php\/wp-json\/wp\/v2\/pages\/1386\/revisions\/1501"}],"wp:attachment":[{"href":"https:\/\/nangina.de\/index.php\/wp-json\/wp\/v2\/media?parent=1386"}],"curies":[{"name":"wp","href":"https:\/\/api.w.org\/{rel}","templated":true}]}}