{"id":1384,"date":"2021-04-15T08:00:38","date_gmt":"2021-04-15T08:00:38","guid":{"rendered":"https:\/\/nangina.de\/?page_id=1384"},"modified":"2021-04-15T08:38:55","modified_gmt":"2021-04-15T08:38:55","slug":"brunnenbau-in-tororo-uganda","status":"publish","type":"page","link":"https:\/\/nangina.de\/index.php\/brunnenbau-in-tororo-uganda\/","title":{"rendered":"BRUNNENBAU IN TORORO, UGANDA"},"content":{"rendered":"\n<figure class=\"wp-block-image\"><img loading=\"lazy\" decoding=\"async\" width=\"1024\" height=\"769\" src=\"https:\/\/nangina.de\/wp-content\/uploads\/2019\/07\/P1370389-1024x769.jpg\" alt=\"\" class=\"wp-image-1111\" srcset=\"https:\/\/nangina.de\/wp-content\/uploads\/2019\/07\/P1370389-1024x769.jpg 1024w, https:\/\/nangina.de\/wp-content\/uploads\/2019\/07\/P1370389-300x225.jpg 300w, https:\/\/nangina.de\/wp-content\/uploads\/2019\/07\/P1370389-768x577.jpg 768w\" sizes=\"auto, (max-width: 1024px) 100vw, 1024px\" \/><\/figure>\n\n\n\n<p>Die Missions\u00e4rztlichen Schwestern haben einen neuen Konvent in Tororo-Agorom errichtet. Sie leben hier in einer l\u00e4ndlichen Gegend, die von gro\u00dfer Armut gepr\u00e4gt ist. Menschen leben \u00fcberwiegend in Lehmh\u00fctten und tragen oft Kleidung, die schon zerrissen ist. Nur ein Mann aus der gesamten Gegend hat bisher eine Zulassung zur Universit\u00e4t erworben. Durch die Perspektivlosigkeit sind viele der M\u00e4nner alkoholabh\u00e4ngig. Es gibt weder eine Gesundheitsversorgung noch Schulen in der N\u00e4he. EIn kleines M\u00e4dchen kam uns entgegen und trug einen ihrer Schuhe in der Hand. Sie musste mit 4 Jahren ihren 3km langen Schulweg allein zur\u00fccklegen und der Schuh dr\u00fcckte dabei.&nbsp;<\/p>\n\n\n\n<figure class=\"wp-block-image\"><img loading=\"lazy\" decoding=\"async\" width=\"1024\" height=\"769\" src=\"https:\/\/nangina.de\/wp-content\/uploads\/2017\/01\/P1370370-1024x769.jpg\" alt=\"\" class=\"wp-image-1097\" srcset=\"https:\/\/nangina.de\/wp-content\/uploads\/2017\/01\/P1370370-1024x769.jpg 1024w, https:\/\/nangina.de\/wp-content\/uploads\/2017\/01\/P1370370-300x225.jpg 300w, https:\/\/nangina.de\/wp-content\/uploads\/2017\/01\/P1370370-768x577.jpg 768w\" sizes=\"auto, (max-width: 1024px) 100vw, 1024px\" \/><\/figure>\n\n\n\n<p>Die Schwestern haben zahlreiche Pl\u00e4ne, die Menschen Wege aus der Armut aufzuzeigen. Sie wollen eine Gesundheitsstation und einen Kindergarten errichten. Weiterhin m\u00f6chte Sr. Christine, eine Sozialarbeiterin, mit Frauengruppen Mikrofinanzierungsprojekte starten, damit diese Einnahmen erwirtschaften k\u00f6nnen. Auch die Arbeit mit Gefangenen und mit Jugendlichen ist in Planung. Zur Zeit steckt der Konvent noch in den Kinderschuhen, aber es wurden schon zahlreiche Gem\u00fcse- und Obstsorten angepflanzt sowie Vieh gehalten, damit die Schwestern und ihre Postulantinnen (am Ordensleben interessierte junge Frauen) sich selbst versorgen k\u00f6nnen.<\/p>\n\n\n\n<figure class=\"wp-block-image\"><img loading=\"lazy\" decoding=\"async\" width=\"1024\" height=\"769\" src=\"https:\/\/nangina.de\/wp-content\/uploads\/2017\/01\/P1370379-1024x769.jpg\" alt=\"\" class=\"wp-image-1099\" srcset=\"https:\/\/nangina.de\/wp-content\/uploads\/2017\/01\/P1370379-1024x769.jpg 1024w, https:\/\/nangina.de\/wp-content\/uploads\/2017\/01\/P1370379-300x225.jpg 300w, https:\/\/nangina.de\/wp-content\/uploads\/2017\/01\/P1370379-768x577.jpg 768w\" sizes=\"auto, (max-width: 1024px) 100vw, 1024px\" \/><\/figure>\n\n\n\n<p><strong>Ma\u00dfnahmen des Nangina e.V. in den vergangenen Jahren<\/strong><\/p>\n\n\n\n<p>Durch den Bau eines Brunnens steht nun flie\u00dfendes und sauberes Wasser zur Verf\u00fcgung. Mit einer Solarpumpe wird es in die erh\u00f6hten Wassertanks gepumpt, von wo es dann in die Leitungen der H\u00e4user l\u00e4uft.<\/p>\n\n\n\n<p>Die Bohrung in dem Ort Tororo-Agorom in Uganda war erfolgreich.<\/p>\n\n\n\n<p>In einer Tiefe von 73m wurde ausreichend sauberes Trinkwasser gefunden, Auch eine Pumpe ist bereits installiert worden.<br><img loading=\"lazy\" decoding=\"async\" src=\"https:\/\/nangina.de\/wp-content\/uploads\/2017\/01\/11-1024x614.jpg\" alt=\"\" srcset=\"https:\/\/nangina-test.klabusnik.de\/wp-content\/uploads\/2017\/01\/11-1024x614.jpg 1024w, https:\/\/nangina-test.klabusnik.de\/wp-content\/uploads\/2017\/01\/11-300x180.jpg 300w, https:\/\/nangina-test.klabusnik.de\/wp-content\/uploads\/2017\/01\/11-768x461.jpg 768w, https:\/\/nangina-test.klabusnik.de\/wp-content\/uploads\/2017\/01\/11.jpg 1280w\" width=\"800\" height=\"480\"><\/p>\n\n\n\n<p><img loading=\"lazy\" decoding=\"async\" src=\"https:\/\/nangina.de\/wp-content\/uploads\/2017\/01\/9-1024x614.jpg\" alt=\"\" srcset=\"https:\/\/nangina-test.klabusnik.de\/wp-content\/uploads\/2017\/01\/9-1024x614.jpg 1024w, https:\/\/nangina-test.klabusnik.de\/wp-content\/uploads\/2017\/01\/9-300x180.jpg 300w, https:\/\/nangina-test.klabusnik.de\/wp-content\/uploads\/2017\/01\/9-768x461.jpg 768w, https:\/\/nangina-test.klabusnik.de\/wp-content\/uploads\/2017\/01\/9.jpg 1280w\" width=\"800\" height=\"480\"><br>Weiterhin werden Wassertanks angeschafft, um Zugang zu flie\u00dfendem Wasser zu haben.<\/p>\n\n\n\n<figure class=\"wp-block-image\"><img loading=\"lazy\" decoding=\"async\" width=\"769\" height=\"1024\" src=\"https:\/\/nangina.de\/wp-content\/uploads\/2019\/07\/P1370403-e1564603927439-769x1024.jpg\" alt=\"\" class=\"wp-image-1117\" srcset=\"https:\/\/nangina.de\/wp-content\/uploads\/2019\/07\/P1370403-e1564603927439-769x1024.jpg 769w, https:\/\/nangina.de\/wp-content\/uploads\/2019\/07\/P1370403-e1564603927439-225x300.jpg 225w, https:\/\/nangina.de\/wp-content\/uploads\/2019\/07\/P1370403-e1564603927439-768x1023.jpg 768w\" sizes=\"auto, (max-width: 769px) 100vw, 769px\" \/><\/figure>\n\n\n\n<p>Sr. Josephine, die Projektkoordinatorin vor den erh\u00f6hten Wassertanks, die f\u00fcr flie\u00dfendes Wasser sorgen<\/p>\n\n\n\n<p><strong>Besuche von Nanginesen und Gegenbesuche von Projektpartnern in Deutschland<\/strong><\/p>\n\n\n\n<p>Juli 2019: Besuch von Katharina Stritzke, Vorstandsmitglied des Nangina e.V.<\/p>\n\n\n\n<p><a href=\"https:\/\/nangina.de\/index.php\/2019\/07\/27\/ein-erster-besuch-in-tororo-agorom\/\">Eindr\u00fccke 2019<\/a><\/p>\n\n\n\n<p>Unsere Beitr\u00e4ge f\u00fcr dieses Projekt:<\/p>\n\n\n<ul class=\"wp-block-latest-posts__list wp-block-latest-posts\"><li><a class=\"wp-block-latest-posts__post-title\" href=\"https:\/\/nangina.de\/index.php\/2019\/07\/27\/ein-erster-besuch-in-tororo-agorom\/\">Ein erster Besuch in Tororo-Agorom<\/a><\/li>\n<\/ul>","protected":false},"excerpt":{"rendered":"<p>Die Missions\u00e4rztlichen Schwestern haben einen neuen Konvent in Tororo-Agorom errichtet. Sie leben hier in einer l\u00e4ndlichen Gegend, die von gro\u00dfer Armut gepr\u00e4gt ist. Menschen leben \u00fcberwiegend in Lehmh\u00fctten und tragen &#8230;<\/p>\n","protected":false},"author":6,"featured_media":0,"parent":0,"menu_order":0,"comment_status":"closed","ping_status":"closed","template":"","meta":{"footnotes":""},"class_list":["post-1384","page","type-page","status-publish","hentry"],"_links":{"self":[{"href":"https:\/\/nangina.de\/index.php\/wp-json\/wp\/v2\/pages\/1384","targetHints":{"allow":["GET"]}}],"collection":[{"href":"https:\/\/nangina.de\/index.php\/wp-json\/wp\/v2\/pages"}],"about":[{"href":"https:\/\/nangina.de\/index.php\/wp-json\/wp\/v2\/types\/page"}],"author":[{"embeddable":true,"href":"https:\/\/nangina.de\/index.php\/wp-json\/wp\/v2\/users\/6"}],"replies":[{"embeddable":true,"href":"https:\/\/nangina.de\/index.php\/wp-json\/wp\/v2\/comments?post=1384"}],"version-history":[{"count":2,"href":"https:\/\/nangina.de\/index.php\/wp-json\/wp\/v2\/pages\/1384\/revisions"}],"predecessor-version":[{"id":1434,"href":"https:\/\/nangina.de\/index.php\/wp-json\/wp\/v2\/pages\/1384\/revisions\/1434"}],"wp:attachment":[{"href":"https:\/\/nangina.de\/index.php\/wp-json\/wp\/v2\/media?parent=1384"}],"curies":[{"name":"wp","href":"https:\/\/api.w.org\/{rel}","templated":true}]}}