{"id":1372,"date":"2021-04-15T07:51:13","date_gmt":"2021-04-15T07:51:13","guid":{"rendered":"https:\/\/nangina.de\/?page_id=1372"},"modified":"2023-09-29T12:23:38","modified_gmt":"2023-09-29T12:23:38","slug":"unsere-projekte","status":"publish","type":"page","link":"https:\/\/nangina.de\/index.php\/unsere-projekte\/","title":{"rendered":"Unsere Projekte"},"content":{"rendered":"\n<p>Der Nangina e.V. unterst\u00fctzt Projekte im Gesundheits- und Bildungsbereich in Ostafrika sowie in Honduras. Ziel ist es, den \u00c4rmsten eine Perspektive zu geben, aber gleichzeitig eine Eigenst\u00e4ndigkeit der Projekte zu f\u00f6rdern \u2013 eine Gradwanderung, die in jedem Projekt unterschiedlich realisiert wird. Grunds\u00e4tzlich werden Ma\u00dfnahmen von den Partnern in den Projekten vorgeschlagen, die die \u00f6rtlichen Bedingungen professionell einsch\u00e4tzen k\u00f6nnen. Im engen Austausch mit dem Vorstand des Nangina e.V. und nach dessen positiver Entscheidung werden diese finanziell durch den Verein unterst\u00fctzt und weitestgehend eigenst\u00e4ndig durch lokale Fachkr\u00e4fte durchgef\u00fchrt.<\/p>\n\n\n\n<div class=\"wp-block-media-text alignwide is-stacked-on-mobile\"><figure class=\"wp-block-media-text__media\"><img decoding=\"async\" src=\"https:\/\/nangina-test.klabusnik.de\/wp-content\/uploads\/2020\/05\/Bildschirmfoto-2020-05-29-um-12.24.19-1024x775.png\" alt=\"\" class=\"wp-image-1219 size-full\"\/><\/figure><div class=\"wp-block-media-text__content\">\n<p><strong><a href=\"https:\/\/nangina.de\/index.php\/schulgebuehren-fuer-die-berufsausbildung-rehabilitierter-strassenkinder-in-nairobi-keni\/\" data-type=\"page\" data-id=\"1374\">Schulgeb\u00fchren f\u00fcr die Berufsausbildung rehabilitierter Stra\u00dfenkinder in Nairobi, Kenia<\/a><\/strong><\/p>\n\n\n\n<p><\/p>\n<\/div><\/div>\n\n\n\n<p><\/p>\n\n\n\n<div class=\"wp-block-media-text alignwide is-stacked-on-mobile\"><figure class=\"wp-block-media-text__media\"><img decoding=\"async\" src=\"https:\/\/nangina-test.klabusnik.de\/wp-content\/uploads\/2020\/05\/Bildschirmfoto-2020-05-29-um-12.30.33-1024x830.png\" alt=\"\" class=\"wp-image-1223 size-full\"\/><\/figure><div class=\"wp-block-media-text__content\">\n<p><a href=\"https:\/\/nangina.de\/index.php\/arca-de-esperancas-therapiezentrum-und-werkstatt-fuer-menschen-mit-behinderung-in-tegucigalpa-honduras\/\" data-type=\"page\" data-id=\"1376\"><strong>Arca de Esperancas, Therapiezentrum und Werkstatt f\u00fcr Menschen mit Behinderung in Tegucigalpa, Honduras<\/strong><\/a><\/p>\n\n\n\n<p><\/p>\n<\/div><\/div>\n\n\n\n<p><\/p>\n\n\n\n<div class=\"wp-block-media-text alignwide is-stacked-on-mobile\"><figure class=\"wp-block-media-text__media\"><img decoding=\"async\" src=\"https:\/\/nangina-test.klabusnik.de\/wp-content\/uploads\/2020\/05\/Bildschirmfoto-2020-05-29-um-12.30.33-1024x830.png\" alt=\"\" class=\"wp-image-1223 size-full\"\/><\/figure><div class=\"wp-block-media-text__content\">\n<p><strong><a href=\"https:\/\/nangina.de\/index.php\/solarlampen-fuer-radioschulen-in-tegucigalpa-honduras\/\" data-type=\"page\" data-id=\"1378\">Solarlampen f\u00fcr Radioschulen in Tegucigalpa, Honduras<\/a><\/strong><\/p>\n\n\n\n<p><\/p>\n<\/div><\/div>\n\n\n\n<p><\/p>\n\n\n\n<div class=\"wp-block-media-text alignwide is-stacked-on-mobile\"><figure class=\"wp-block-media-text__media\"><img decoding=\"async\" src=\"https:\/\/nangina-test.klabusnik.de\/wp-content\/uploads\/2020\/05\/Bildschirmfoto-2020-05-29-um-12.39.50.png\" alt=\"\" class=\"wp-image-1231 size-full\"\/><\/figure><div class=\"wp-block-media-text__content\">\n<p><strong><a href=\"https:\/\/nangina.de\/index.php\/st-francis-family-helper-programme-in-mbarara-uganda\/\" data-type=\"page\" data-id=\"1380\">St. Francis Family Helper Programme in Mbarara, Uganda<\/a><\/strong><\/p>\n\n\n\n<p><\/p>\n<\/div><\/div>\n\n\n\n<p><\/p>\n\n\n\n<div class=\"wp-block-media-text alignwide is-stacked-on-mobile\"><figure class=\"wp-block-media-text__media\"><img decoding=\"async\" src=\"https:\/\/nangina-test.klabusnik.de\/wp-content\/uploads\/2020\/06\/Mityana-Uganda.png\" alt=\"\" class=\"wp-image-1256 size-full\"\/><\/figure><div class=\"wp-block-media-text__content\">\n<p><a href=\"https:\/\/nangina.de\/index.php\/julina-memorial-school-gehoerlosenschule-in-mityana-uganda\/\" data-type=\"page\" data-id=\"1382\"><strong>Julina Memorial School, Geh\u00f6rlosenschule in Mityana, Uganda<\/strong><\/a><\/p>\n\n\n\n<p><\/p>\n<\/div><\/div>\n\n\n\n<p><\/p>\n\n\n\n<div class=\"wp-block-media-text alignwide is-stacked-on-mobile\"><figure class=\"wp-block-media-text__media\"><img decoding=\"async\" src=\"https:\/\/nangina-test.klabusnik.de\/wp-content\/uploads\/2020\/06\/Bildschirmfoto-2020-06-25-um-13.17.23-1024x984.png\" alt=\"\" class=\"wp-image-1311 size-full\"\/><\/figure><div class=\"wp-block-media-text__content\">\n<p><a href=\"https:\/\/nangina.de\/index.php\/brunnenbau-in-tororo-uganda\/\" data-type=\"page\" data-id=\"1384\"><strong>Brunnenbau in Tororo, Uganda<\/strong><\/a><\/p>\n\n\n\n<p><\/p>\n<\/div><\/div>\n\n\n\n<p><\/p>\n\n\n\n<div class=\"wp-block-media-text alignwide is-stacked-on-mobile\"><figure class=\"wp-block-media-text__media\"><img decoding=\"async\" src=\"https:\/\/nangina-test.klabusnik.de\/wp-content\/uploads\/2020\/06\/Bildschirmfoto-2020-06-25-um-13.18.12-1024x972.png\" alt=\"\" class=\"wp-image-1312 size-full\"\/><\/figure><div class=\"wp-block-media-text__content\">\n<p><a href=\"https:\/\/nangina.de\/index.php\/maedcheninternat-in-kibuk-kenia\/\" data-type=\"page\" data-id=\"1386\"><strong>M\u00e4dcheninternat in Kibuk, Kenia<\/strong><\/a><\/p>\n\n\n\n<p><\/p>\n<\/div><\/div>\n\n\n\n<p><\/p>\n\n\n\n<div class=\"wp-block-media-text alignwide is-stacked-on-mobile\"><figure class=\"wp-block-media-text__media\"><img decoding=\"async\" src=\"https:\/\/nangina-test.klabusnik.de\/wp-content\/uploads\/2020\/06\/Bildschirmfoto-2020-06-25-um-13.19.05-1024x836.png\" alt=\"\" class=\"wp-image-1313 size-full\"\/><\/figure><div class=\"wp-block-media-text__content\">\n<p><a href=\"https:\/\/nangina.de\/index.php\/krankenhaus-heilige-familie-in-nangina-kenia\/\" data-type=\"page\" data-id=\"1388\"><strong>Krankenhaus Heilige Familie in Nangina, Kenia<\/strong><\/a><\/p>\n\n\n\n<p><\/p>\n<\/div><\/div>\n\n\n\n<p><\/p>\n\n\n\n<div class=\"wp-block-media-text alignwide is-stacked-on-mobile\"><figure class=\"wp-block-media-text__media\"><img decoding=\"async\" src=\"https:\/\/nangina-test.klabusnik.de\/wp-content\/uploads\/2020\/06\/Bildschirmfoto-2020-06-25-um-13.20.00.png\" alt=\"\" class=\"wp-image-1314 size-full\"\/><\/figure><div class=\"wp-block-media-text__content\">\n<p><a href=\"https:\/\/nangina.de\/index.php\/schulgebuehren-fuer-benachteiligte-jugendliche-in-bungoma-kenia\/\" data-type=\"page\" data-id=\"1390\"><strong>Schulgeb\u00fchren f\u00fcr benachteiligte Jugendliche in Bungoma, Kenia<\/strong><\/a><\/p>\n\n\n\n<p><\/p>\n<\/div><\/div>\n\n\n\n<p><\/p>\n\n\n\n<div class=\"wp-block-media-text alignwide is-stacked-on-mobile\"><figure class=\"wp-block-media-text__media\"><img decoding=\"async\" src=\"https:\/\/nangina-test.klabusnik.de\/wp-content\/uploads\/2020\/06\/Bildschirmfoto-2020-06-25-um-13.20.36-1024x650.png\" alt=\"\" class=\"wp-image-1315 size-full\"\/><\/figure><div class=\"wp-block-media-text__content\">\n<p><a href=\"https:\/\/nangina.de\/index.php\/das-watoto-wetu-centre-eine-schule-fuer-waisenkinder-im-slum-kariobangi-in-nairobi-kenia\/\" data-type=\"page\" data-id=\"1392\"><strong>Das Watoto-Wetu-Centre \u2013 eine Schule f\u00fcr Waisenkinder im Slum Kariobangi in Nairobi, Kenia<\/strong><\/a><\/p>\n\n\n\n<p><\/p>\n<\/div><\/div>\n\n\n\n<p><\/p>\n\n\n\n<div class=\"wp-block-media-text alignwide is-stacked-on-mobile\"><figure class=\"wp-block-media-text__media\"><img decoding=\"async\" src=\"https:\/\/nangina-test.klabusnik.de\/wp-content\/uploads\/2020\/06\/Bildschirmfoto-2020-06-25-um-13.20.36-1024x650.png\" alt=\"\" class=\"wp-image-1315 size-full\"\/><\/figure><div class=\"wp-block-media-text__content\">\n<p><a href=\"https:\/\/nangina.de\/index.php\/st-martin-grundschule-in-nairobi-kenia\/\" data-type=\"page\" data-id=\"1394\"><strong>St. Martin Grundschule in Nairobi, Kenia<\/strong><\/a><\/p>\n\n\n\n<p><\/p>\n<\/div><\/div>\n\n\n\n<p><\/p>\n\n\n\n<div class=\"wp-block-media-text alignwide is-stacked-on-mobile\"><figure class=\"wp-block-media-text__media\"><img decoding=\"async\" src=\"https:\/\/nangina-test.klabusnik.de\/wp-content\/uploads\/2020\/06\/Bildschirmfoto-2020-06-25-um-13.21.28-1024x929.png\" alt=\"\" class=\"wp-image-1316 size-full\"\/><\/figure><div class=\"wp-block-media-text__content\">\n<p><a href=\"https:\/\/nangina.de\/index.php\/padre-pio-preschool-in-arusha-tansania\/\" data-type=\"page\" data-id=\"1396\"><strong>Padre Pio Preschool in Arusha, Tansania<\/strong><\/a><\/p>\n\n\n\n<p><\/p>\n<\/div><\/div>\n\n\n\n<p><\/p>\n\n\n\n<div class=\"wp-block-media-text alignwide is-stacked-on-mobile\"><figure class=\"wp-block-media-text__media\"><img decoding=\"async\" src=\"https:\/\/nangina-test.klabusnik.de\/wp-content\/uploads\/2020\/06\/Bildschirmfoto-2020-06-25-um-13.23.45-1024x821.png\" alt=\"\" class=\"wp-image-1318 size-full\"\/><\/figure><div class=\"wp-block-media-text__content\">\n<p><a href=\"https:\/\/nangina.de\/index.php\/landkrankenhaus-attat\/\" data-type=\"page\" data-id=\"1398\"><strong>Landkrankenhaus Attat<\/strong><\/a><\/p>\n\n\n\n<p><\/p>\n<\/div><\/div>\n\n\n\n<p><\/p>\n\n\n\n<div class=\"wp-block-media-text alignwide is-stacked-on-mobile\"><figure class=\"wp-block-media-text__media\"><img decoding=\"async\" src=\"https:\/\/nangina-test.klabusnik.de\/wp-content\/uploads\/2020\/06\/Bildschirmfoto-2020-06-25-um-13.20.36-1024x650.png\" alt=\"\" class=\"wp-image-1315 size-full\"\/><\/figure><div class=\"wp-block-media-text__content\">\n<p><a href=\"https:\/\/nangina.de\/index.php\/comboni-health-programme-im-slum-korogocho-in-nairobi-kenia\/\" data-type=\"page\" data-id=\"1400\"><strong>Comboni Health Programme im Slum Korogocho in Nairobi, Kenia<\/strong><\/a><\/p>\n\n\n\n<p><\/p>\n<\/div><\/div>\n\n\n\n<p><\/p>\n\n\n\n<div class=\"wp-block-media-text alignwide is-stacked-on-mobile\"><figure class=\"wp-block-media-text__media\"><img loading=\"lazy\" decoding=\"async\" width=\"1024\" height=\"698\" src=\"https:\/\/nangina.de\/wp-content\/uploads\/2023\/09\/Bild_2023-09-29_141053477-1024x698.png\" alt=\"\" class=\"wp-image-1707 size-full\" srcset=\"https:\/\/nangina.de\/wp-content\/uploads\/2023\/09\/Bild_2023-09-29_141053477-1024x698.png 1024w, https:\/\/nangina.de\/wp-content\/uploads\/2023\/09\/Bild_2023-09-29_141053477-300x204.png 300w, https:\/\/nangina.de\/wp-content\/uploads\/2023\/09\/Bild_2023-09-29_141053477-768x523.png 768w, https:\/\/nangina.de\/wp-content\/uploads\/2023\/09\/Bild_2023-09-29_141053477.png 1324w\" sizes=\"auto, (max-width: 1024px) 100vw, 1024px\" \/><\/figure><div class=\"wp-block-media-text__content\">\n<p><a href=\"http:\/\/nangina.de\/index.php\/schulzentrum-in-gulu-uganda\/\" data-type=\"URL\" data-id=\"nangina.de\/index.php\/schulzentrum-in-gulu-uganda\/\"><strong>Schulzentrum in Gulu, Uganda<\/strong><\/a><\/p>\n\n\n\n<p><\/p>\n<\/div><\/div>\n","protected":false},"excerpt":{"rendered":"<p>Der Nangina e.V. unterst\u00fctzt Projekte im Gesundheits- und Bildungsbereich in Ostafrika sowie in Honduras. Ziel ist es, den \u00c4rmsten eine Perspektive zu geben, aber gleichzeitig eine Eigenst\u00e4ndigkeit der Projekte zu &#8230;<\/p>\n","protected":false},"author":6,"featured_media":0,"parent":0,"menu_order":0,"comment_status":"closed","ping_status":"closed","template":"","meta":{"footnotes":""},"class_list":["post-1372","page","type-page","status-publish","hentry"],"_links":{"self":[{"href":"https:\/\/nangina.de\/index.php\/wp-json\/wp\/v2\/pages\/1372","targetHints":{"allow":["GET"]}}],"collection":[{"href":"https:\/\/nangina.de\/index.php\/wp-json\/wp\/v2\/pages"}],"about":[{"href":"https:\/\/nangina.de\/index.php\/wp-json\/wp\/v2\/types\/page"}],"author":[{"embeddable":true,"href":"https:\/\/nangina.de\/index.php\/wp-json\/wp\/v2\/users\/6"}],"replies":[{"embeddable":true,"href":"https:\/\/nangina.de\/index.php\/wp-json\/wp\/v2\/comments?post=1372"}],"version-history":[{"count":8,"href":"https:\/\/nangina.de\/index.php\/wp-json\/wp\/v2\/pages\/1372\/revisions"}],"predecessor-version":[{"id":1717,"href":"https:\/\/nangina.de\/index.php\/wp-json\/wp\/v2\/pages\/1372\/revisions\/1717"}],"wp:attachment":[{"href":"https:\/\/nangina.de\/index.php\/wp-json\/wp\/v2\/media?parent=1372"}],"curies":[{"name":"wp","href":"https:\/\/api.w.org\/{rel}","templated":true}]}}